{"id":31,"date":"2014-08-02T08:28:47","date_gmt":"2014-08-02T07:28:47","guid":{"rendered":"http:\/\/www.hope-project.be\/?page_id=31"},"modified":"2020-03-27T10:51:45","modified_gmt":"2020-03-27T09:51:45","slug":"castellano","status":"publish","type":"page","link":"http:\/\/www.hope-project.be\/?page_id=31","title":{"rendered":"RENDEZ-VOUS"},"content":{"rendered":"<p style=\"text-align: justify;\"><b>Nous vous accueillons\u00a0\u00e0 Chastre sur Rendez-vous:\u00a0<\/b><\/p>\n<p><b>Du lundi au jeudi entre 15h et 17h et le vendredi entre 9h et 17h. <\/b>(Horaires variables, possibilit\u00e9 de nous contacter les week-ends et jours f\u00e9ri\u00e9s)<b>\u00a0<\/b><\/p>\n<p>Les rendez-vous li\u00e9s au p\u00f4le commerce \u00e9quitable, cooperation internationale et protection de l\u2019environnement, se d\u00e9roulent au si\u00e8ge social de l&rsquo;Association.<\/p>\n<p>Pour les suivis et accompagnements li\u00e9s aux activit\u00e9s du <strong>p\u00f4le action sociale<\/strong>, veuillez sp\u00e9cifier votre demande par mail ou t\u00e9l\u00e9phone, on peut se d\u00e9placer si n\u00e9cessaire. Possibilit\u00e9 de rendez-vous en dehors des horaires cit\u00e9s plus haut, cela depends de la demande ou situation \u00e0 traiter.<\/p>\n<p>Toutes nos donn\u00e9es de contact se trouvent sur l&rsquo;onglet <strong>contact<\/strong> ou en cliquant <a href=\"http:\/\/www.hope-project.be\/?page_id=38\">ICI<\/a>.<\/p>\n<p>Au plaisir de vous rencontrer.<\/p>\n<p><a href=\"http:\/\/www.hope-project.be\/wp-content\/uploads\/2014\/07\/act.jpg\" target=\"_blank\" rel=\"noopener\"><img loading=\"lazy\" decoding=\"async\" class=\"wp-image-633 size-medium aligncenter\" src=\"http:\/\/www.hope-project.be\/wp-content\/uploads\/2014\/07\/act-300x225.jpg\" alt=\"\" width=\"300\" height=\"225\" srcset=\"http:\/\/www.hope-project.be\/wp-content\/uploads\/2014\/07\/act-300x225.jpg 300w, http:\/\/www.hope-project.be\/wp-content\/uploads\/2014\/07\/act-768x576.jpg 768w, http:\/\/www.hope-project.be\/wp-content\/uploads\/2014\/07\/act-400x300.jpg 400w, http:\/\/www.hope-project.be\/wp-content\/uploads\/2014\/07\/act.jpg 800w\" sizes=\"auto, (max-width: 300px) 100vw, 300px\" \/><\/a><\/p>\n<p style=\"text-align: center;\"><strong>\u00a0\u00bb Car c&rsquo;est dans le service que l&rsquo;on d\u00e9couvre nos talents\u00a0\u00bb\u00a0<\/strong><\/p>\n","protected":false},"excerpt":{"rendered":"<p>Nous vous accueillons\u00a0\u00e0 Chastre sur Rendez-vous:\u00a0 Du lundi au jeudi entre 15h et 17h et le vendredi entre 9h et 17h. (Horaires variables, possibilit\u00e9 de nous contacter les week-ends et jours f\u00e9ri\u00e9s)\u00a0 Les rendez-vous li\u00e9s au p\u00f4le commerce \u00e9quitable, cooperation &hellip; <a href=\"http:\/\/www.hope-project.be\/?page_id=31\">Continuer la lecture <span class=\"meta-nav\">&rarr;<\/span><\/a><\/p>\n","protected":false},"author":1,"featured_media":0,"parent":0,"menu_order":5,"comment_status":"closed","ping_status":"closed","template":"","meta":{"footnotes":""},"class_list":["post-31","page","type-page","status-publish","hentry"],"_links":{"self":[{"href":"http:\/\/www.hope-project.be\/index.php?rest_route=\/wp\/v2\/pages\/31","targetHints":{"allow":["GET"]}}],"collection":[{"href":"http:\/\/www.hope-project.be\/index.php?rest_route=\/wp\/v2\/pages"}],"about":[{"href":"http:\/\/www.hope-project.be\/index.php?rest_route=\/wp\/v2\/types\/page"}],"author":[{"embeddable":true,"href":"http:\/\/www.hope-project.be\/index.php?rest_route=\/wp\/v2\/users\/1"}],"replies":[{"embeddable":true,"href":"http:\/\/www.hope-project.be\/index.php?rest_route=%2Fwp%2Fv2%2Fcomments&post=31"}],"version-history":[{"count":57,"href":"http:\/\/www.hope-project.be\/index.php?rest_route=\/wp\/v2\/pages\/31\/revisions"}],"predecessor-version":[{"id":1222,"href":"http:\/\/www.hope-project.be\/index.php?rest_route=\/wp\/v2\/pages\/31\/revisions\/1222"}],"wp:attachment":[{"href":"http:\/\/www.hope-project.be\/index.php?rest_route=%2Fwp%2Fv2%2Fmedia&parent=31"}],"curies":[{"name":"wp","href":"https:\/\/api.w.org\/{rel}","templated":true}]}}