{"id":38,"date":"2014-08-02T08:41:11","date_gmt":"2014-08-02T07:41:11","guid":{"rendered":"http:\/\/www.hope-project.be\/?page_id=38"},"modified":"2024-01-30T17:45:25","modified_gmt":"2024-01-30T16:45:25","slug":"contact","status":"publish","type":"page","link":"http:\/\/www.hope-project.be\/?page_id=38","title":{"rendered":"CONTACT"},"content":{"rendered":"<p style=\"text-align: justify;\"><strong>Hope Project ASBL &#8211; Projet Humanitaire<\/strong><\/p>\n<p>Si\u00e8ge Social &#8211; Avenue des Marronniers 12, 1450 Chastre<\/p>\n<p>Num\u00e9ro d&rsquo;entreprise : <strong>0673 649 954<\/strong><\/p>\n<p style=\"text-align: justify;\">Vous pouvez nous contacter via l&rsquo;adresse mail: <strong>info@hope-project.be<\/strong><\/p>\n<p style=\"text-align: justify;\">Via notre page <strong>facebook<\/strong>: <a href=\"https:\/\/www.facebook.com\/HopeEcuador?ref_type=bookmark\" target=\"_blank\" rel=\"noopener noreferrer\">Hope Project Ecuador<\/a><\/p>\n<p style=\"text-align: justify;\">Ou par\u00a0<strong>t\u00e9l\u00e9phone<\/strong> : +32 487 91 56 74<\/p>\n<p style=\"text-align: justify;\">Si vous voulez soutenir nos actions sociales et humanitaires, il est possible de faire un don sur le num\u00e9ro de compte suivante: <b>BE57 0689 4125 0035. <\/b><\/p>\n<p style=\"text-align: justify;\"><b>Merci de mettre en communication le mot: \u00ab\u00a0DON\u00a0\u00bb ou \u00ab\u00a0Don Humanitaire\u00a0\u00bb.<\/b><\/p>\n<p style=\"text-align: justify;\">Notre association est agr\u00e9\u00e9e en tant qu&rsquo;institution qui assiste les personnes handicap\u00e9es, les personnes \u00e2g\u00e9es, les mineurs d\u2019\u00e2ge prot\u00e9g\u00e9s, ou les indigents.<\/p>\n<p style=\"text-align: justify;\">Nous sommes habilit\u00e9s \u00e0 d\u00e9livrer une <strong>attestation fiscale<\/strong>, la r\u00e9duction d&rsquo;imp\u00f4t s&rsquo;\u00e9l\u00e8ve \u00e0 <strong>45% du montant vers\u00e9, le don doit \u00eatre de 40\u20ac minimum par ann\u00e9e civile.\u00a0<\/strong><\/p>\n<p><a href=\"http:\/\/www.hope-project.be\/wp-content\/uploads\/2024\/01\/Agrement-2023_2027.jpg\" target=\"_blank\" rel=\"noopener noreferrer\"><img loading=\"lazy\" decoding=\"async\" class=\"aligncenter wp-image-3276 size-medium\" src=\"http:\/\/www.hope-project.be\/wp-content\/uploads\/2024\/01\/Agrement-2023_2027-300x239.jpg\" alt=\"\" width=\"300\" height=\"239\" srcset=\"http:\/\/www.hope-project.be\/wp-content\/uploads\/2024\/01\/Agrement-2023_2027-300x239.jpg 300w, http:\/\/www.hope-project.be\/wp-content\/uploads\/2024\/01\/Agrement-2023_2027-768x611.jpg 768w, http:\/\/www.hope-project.be\/wp-content\/uploads\/2024\/01\/Agrement-2023_2027-377x300.jpg 377w, http:\/\/www.hope-project.be\/wp-content\/uploads\/2024\/01\/Agrement-2023_2027.jpg 886w\" sizes=\"auto, (max-width: 300px) 100vw, 300px\" \/><\/a><\/p>\n<p style=\"text-align: center;\"><a href=\"http:\/\/www.hope-project.be\/wp-content\/uploads\/2022\/02\/1-3.jpg\" target=\"_blank\" rel=\"noopener noreferrer\"><img loading=\"lazy\" decoding=\"async\" class=\"alignnone wp-image-2106 size-medium\" src=\"http:\/\/www.hope-project.be\/wp-content\/uploads\/2022\/02\/1-3-300x225.jpg\" alt=\"\" width=\"300\" height=\"225\" srcset=\"http:\/\/www.hope-project.be\/wp-content\/uploads\/2022\/02\/1-3-300x225.jpg 300w, http:\/\/www.hope-project.be\/wp-content\/uploads\/2022\/02\/1-3-768x576.jpg 768w, http:\/\/www.hope-project.be\/wp-content\/uploads\/2022\/02\/1-3-400x300.jpg 400w, http:\/\/www.hope-project.be\/wp-content\/uploads\/2022\/02\/1-3.jpg 800w\" sizes=\"auto, (max-width: 300px) 100vw, 300px\" \/><\/a><\/p>\n<p><strong>\u00ab\u00a0Etre fort n\u2019est pas notre capacit\u00e9 de soulever un poids mais plut\u00f4t notre aptitude \u00e0 all\u00e9ger celui des autres.\u00a0\u00bb<\/strong><\/p>\n<p><a href=\"http:\/\/www.hope-project.be\/wp-content\/uploads\/2021\/05\/Merci.jpg\" target=\"_blank\" rel=\"noopener noreferrer\"><img loading=\"lazy\" decoding=\"async\" class=\"aligncenter wp-image-1659 size-medium\" src=\"http:\/\/www.hope-project.be\/wp-content\/uploads\/2021\/05\/Merci-300x225.jpg\" alt=\"\" width=\"300\" height=\"225\" srcset=\"http:\/\/www.hope-project.be\/wp-content\/uploads\/2021\/05\/Merci-300x225.jpg 300w, http:\/\/www.hope-project.be\/wp-content\/uploads\/2021\/05\/Merci-768x576.jpg 768w, http:\/\/www.hope-project.be\/wp-content\/uploads\/2021\/05\/Merci-400x300.jpg 400w, http:\/\/www.hope-project.be\/wp-content\/uploads\/2021\/05\/Merci.jpg 800w\" sizes=\"auto, (max-width: 300px) 100vw, 300px\" \/><\/a><\/p>\n","protected":false},"excerpt":{"rendered":"<p>Hope Project ASBL &#8211; Projet Humanitaire Si\u00e8ge Social &#8211; Avenue des Marronniers 12, 1450 Chastre Num\u00e9ro d&rsquo;entreprise : 0673 649 954 Vous pouvez nous contacter via l&rsquo;adresse mail: info@hope-project.be Via notre page facebook: Hope Project Ecuador Ou par\u00a0t\u00e9l\u00e9phone : +32 &hellip; <a href=\"http:\/\/www.hope-project.be\/?page_id=38\">Continuer la lecture <span class=\"meta-nav\">&rarr;<\/span><\/a><\/p>\n","protected":false},"author":1,"featured_media":0,"parent":0,"menu_order":7,"comment_status":"closed","ping_status":"closed","template":"","meta":{"footnotes":""},"class_list":["post-38","page","type-page","status-publish","hentry"],"_links":{"self":[{"href":"http:\/\/www.hope-project.be\/index.php?rest_route=\/wp\/v2\/pages\/38","targetHints":{"allow":["GET"]}}],"collection":[{"href":"http:\/\/www.hope-project.be\/index.php?rest_route=\/wp\/v2\/pages"}],"about":[{"href":"http:\/\/www.hope-project.be\/index.php?rest_route=\/wp\/v2\/types\/page"}],"author":[{"embeddable":true,"href":"http:\/\/www.hope-project.be\/index.php?rest_route=\/wp\/v2\/users\/1"}],"replies":[{"embeddable":true,"href":"http:\/\/www.hope-project.be\/index.php?rest_route=%2Fwp%2Fv2%2Fcomments&post=38"}],"version-history":[{"count":42,"href":"http:\/\/www.hope-project.be\/index.php?rest_route=\/wp\/v2\/pages\/38\/revisions"}],"predecessor-version":[{"id":3277,"href":"http:\/\/www.hope-project.be\/index.php?rest_route=\/wp\/v2\/pages\/38\/revisions\/3277"}],"wp:attachment":[{"href":"http:\/\/www.hope-project.be\/index.php?rest_route=%2Fwp%2Fv2%2Fmedia&parent=38"}],"curies":[{"name":"wp","href":"https:\/\/api.w.org\/{rel}","templated":true}]}}